{"id":81,"date":"2015-08-31T08:15:05","date_gmt":"2015-08-31T08:15:05","guid":{"rendered":"http:\/\/www.danielgildetejada.es\/?page_id=81&#038;lang=en"},"modified":"2021-10-18T08:37:10","modified_gmt":"2021-10-18T06:37:10","slug":"bio","status":"publish","type":"page","link":"https:\/\/www.danielgildetejada.es\/en\/bio\/","title":{"rendered":"BIO"},"content":{"rendered":"<p><div class=\"fusion-fullwidth fullwidth-box fusion-builder-row-1 nonhundred-percent-fullwidth non-hundred-percent-height-scrolling\" style=\"--awb-border-radius-top-left:0px;--awb-border-radius-top-right:0px;--awb-border-radius-bottom-right:0px;--awb-border-radius-bottom-left:0px;--awb-flex-wrap:wrap;\" ><div class=\"fusion-builder-row fusion-row\"><div class=\"fusion-layout-column fusion_builder_column fusion-builder-column-0 fusion_builder_column_1_3 1_3 fusion-one-third fusion-column-first\" style=\"--awb-bg-size:cover;--awb-margin-bottom:0px;width:30.6666%; margin-right: 4%;\"><div class=\"fusion-column-wrapper fusion-flex-column-wrapper-legacy\"><div class=\"fusion-image-element fusion-image-align-center in-legacy-container\" style=\"text-align:center;--awb-caption-title-font-family:var(--h2_typography-font-family);--awb-caption-title-font-weight:var(--h2_typography-font-weight);--awb-caption-title-font-style:var(--h2_typography-font-style);--awb-caption-title-size:var(--h2_typography-font-size);--awb-caption-title-transform:var(--h2_typography-text-transform);--awb-caption-title-line-height:var(--h2_typography-line-height);--awb-caption-title-letter-spacing:var(--h2_typography-letter-spacing);\"><div class=\"imageframe-align-center\"><span class=\" fusion-imageframe imageframe-none imageframe-1 hover-type-none\"><img decoding=\"async\" width=\"283\" height=\"425\" title=\"biografia\" src=\"http:\/\/www.danielgildetejada.es\/wp-content\/uploads\/2015\/08\/biografia.jpg\" alt class=\"img-responsive wp-image-871\" srcset=\"https:\/\/www.danielgildetejada.es\/wp-content\/uploads\/2015\/08\/biografia-200x300.jpg 200w, https:\/\/www.danielgildetejada.es\/wp-content\/uploads\/2015\/08\/biografia.jpg 283w\" sizes=\"(max-width: 800px) 100vw, 283px\" \/><\/span><\/div><\/div><div class=\"fusion-clearfix\"><\/div><\/div><\/div><div class=\"fusion-layout-column fusion_builder_column fusion-builder-column-1 fusion_builder_column_2_3 2_3 fusion-two-third fusion-column-last\" style=\"--awb-bg-size:cover;--awb-margin-bottom:0px;width:65.3333%;\"><div class=\"fusion-column-wrapper fusion-flex-column-wrapper-legacy\"><div class=\"fusion-text fusion-text-1\"><p>&nbsp;<\/p>\n<p>Daniel Gil de Tejada is one of the most successful conductors of his generation. He has been awarded in six international orchestral competitions\u00a0 which has led him to conduct in Italy, France, Poland, Bulgaria and Romania.<\/p>\n<p>Born in Valencia, Daniel Gil de Tejada finished his Piano and Choir Conducting Studies at the \u201cConservatorio Superior de Musica Joaqu\u00edn Rodrigo\u201d of Valencia with \u00a0<strong>Eduardo Cifre<\/strong>.<\/p>\n<p>In 1999 he was awarded a scholarship from the \u201cValencian Institute of Music\u201d and moved to London to study conducting at the \u201c<strong>Royal College of Music<\/strong>\u201c, where he got a \u201cPostgraduate in Orchestra Conducting\u201d and \u201cPostgraduate in Advanced in Orchestra Conducting\u201d with professors\u00a0<strong>Neil Thomson<\/strong>\u00a0and\u00a0<strong>John Carewe<\/strong>. In the Royal College he usually worked with the orchestras \u201cRCM Sinfonietta\u201d, \u201cRCM Orchestra\u201d and \u201cRCM Synphony\u201d. He was awarded the \u201cAugust Mann Prize\u201d for conducting and the \u201cNorman Mar Prize\u201d twice. Furthermore, he studied composition with British composer Edwin Roxburgh.<\/p>\n<p>&nbsp;<\/p>\n<\/div><div class=\"fusion-clearfix\"><\/div><\/div><\/div><\/div><\/div><div class=\"fusion-fullwidth fullwidth-box fusion-builder-row-2 nonhundred-percent-fullwidth non-hundred-percent-height-scrolling\" style=\"--awb-border-radius-top-left:0px;--awb-border-radius-top-right:0px;--awb-border-radius-bottom-right:0px;--awb-border-radius-bottom-left:0px;--awb-flex-wrap:wrap;\" ><div class=\"fusion-builder-row fusion-row\"><div class=\"fusion-layout-column fusion_builder_column fusion-builder-column-2 fusion_builder_column_1_1 1_1 fusion-one-full fusion-column-first fusion-column-last\" style=\"--awb-bg-size:cover;--awb-margin-bottom:0px;\"><div class=\"fusion-column-wrapper fusion-flex-column-wrapper-legacy\"><div class=\"fusion-text fusion-text-2\"><p>Upon his return from London, and after working at the\u00a0 Gran Teatre del Liceu in Barcelona as assistant Choir director, he begins his relationship with \u00d3pera de Sabadell where he has conducted more than thirty operas such as <em>Manon<\/em> by J. Massenet, <em>Rom\u00e9o et Juliette<\/em> by Ch. Gounod, <em>Le nozze di Figaro<\/em>, <em>Don Giovanni<\/em>, <em>Cos\u00ec fan tutte<\/em> and <em>Die Zauberfl\u00f6te<\/em> by Mozart, <em>La Cenerentola<\/em> and <em>Il Barbiere di Siviglia<\/em> by G. Rossini,<em>Manon Lescaut<\/em>, <em>La Boh\u00e8me<\/em>,<em>Suor Angelica<\/em> and <em>Gianni Schicchi<\/em>, <em>Tosca<\/em>, <em>Turandot<\/em> by G. Puccini, <em>Lucia di Lammermoor<\/em> by Donizetti, <em>Norma<\/em> by Bellini, <em>Traviata<\/em>, <em>Don Carlo<\/em>, <em>Otello<\/em> and <em>Falstaff<\/em>, by Verdi,\u00a0 among other.<\/p>\n<\/div><div class=\"fusion-clearfix\"><\/div><\/div><\/div><\/div><\/div><div class=\"fusion-fullwidth fullwidth-box fusion-builder-row-3 nonhundred-percent-fullwidth non-hundred-percent-height-scrolling\" style=\"--awb-border-radius-top-left:0px;--awb-border-radius-top-right:0px;--awb-border-radius-bottom-right:0px;--awb-border-radius-bottom-left:0px;--awb-flex-wrap:wrap;\" ><div class=\"fusion-builder-row fusion-row\"><div class=\"fusion-layout-column fusion_builder_column fusion-builder-column-3 fusion_builder_column_1_2 1_2 fusion-one-half fusion-column-first\" style=\"--awb-bg-size:cover;--awb-margin-bottom:0px;width:48%; margin-right: 4%;\"><div class=\"fusion-column-wrapper fusion-flex-column-wrapper-legacy\"><div class=\"fusion-text fusion-text-3\"><p>He was the second-prize winner at the \u201cIII ConcorsoInternazionale per direttored\u2019Opera Luigi Mancinelli\u201d in Orvieto, the third-prize winner at the \u201cX ConcorsoInternazionale per Direttored\u2019Orquestra A. Pedrotti\u201d in Trento and the 1st prize at the \u201cXV Concorso per Giovanni Direttored\u2019OrquestradellaUnioneEuropea 2008\u201d in Spoleto, which led to his conducting debut in Italy with <em>L\u2019elisird\u2019amore<\/em> by G. Donizetti at the Teatro Sperimentale di Spoleto in the 63rd Opera Season and <em>Il MatrimonioSegreto<\/em> by D. Cimarosa in the 64th season.<\/p>\n<p>In May 2015 he won the 1st prize in the contest \u201cOperation of the Black Sea Opera\u201d in Constanta, Romania and debuted the following year in that city with\u00a0<em>La Boh\u00e8me<\/em>by G. Puccini.<\/p>\n<\/div><div class=\"fusion-clearfix\"><\/div><\/div><\/div><div class=\"fusion-layout-column fusion_builder_column fusion-builder-column-4 fusion_builder_column_1_2 1_2 fusion-one-half fusion-column-last\" style=\"--awb-bg-size:cover;--awb-margin-bottom:0px;width:48%;\"><div class=\"fusion-column-wrapper fusion-flex-column-wrapper-legacy\"><div class=\"fusion-image-element in-legacy-container\" style=\"--awb-caption-title-font-family:var(--h2_typography-font-family);--awb-caption-title-font-weight:var(--h2_typography-font-weight);--awb-caption-title-font-style:var(--h2_typography-font-style);--awb-caption-title-size:var(--h2_typography-font-size);--awb-caption-title-transform:var(--h2_typography-text-transform);--awb-caption-title-line-height:var(--h2_typography-line-height);--awb-caption-title-letter-spacing:var(--h2_typography-letter-spacing);\"><span class=\" fusion-imageframe imageframe-none imageframe-2 hover-type-none\"><img decoding=\"async\" width=\"500\" height=\"332\" title=\"biografia-2\" src=\"http:\/\/www.danielgildetejada.es\/wp-content\/uploads\/2015\/08\/biografia-2.jpg\" alt class=\"img-responsive wp-image-874\" srcset=\"https:\/\/www.danielgildetejada.es\/wp-content\/uploads\/2015\/08\/biografia-2-300x199.jpg 300w, https:\/\/www.danielgildetejada.es\/wp-content\/uploads\/2015\/08\/biografia-2.jpg 500w\" sizes=\"(max-width: 500px) 100vw, 500px\" \/><\/span><\/div><div class=\"fusion-clearfix\"><\/div><\/div><\/div><\/div><\/div><div class=\"fusion-fullwidth fullwidth-box fusion-builder-row-4 nonhundred-percent-fullwidth non-hundred-percent-height-scrolling\" style=\"--awb-border-radius-top-left:0px;--awb-border-radius-top-right:0px;--awb-border-radius-bottom-right:0px;--awb-border-radius-bottom-left:0px;--awb-flex-wrap:wrap;\" ><div class=\"fusion-builder-row fusion-row\"><div class=\"fusion-layout-column fusion_builder_column fusion-builder-column-5 fusion_builder_column_1_1 1_1 fusion-one-full fusion-column-first fusion-column-last\" style=\"--awb-bg-size:cover;--awb-margin-bottom:0px;\"><div class=\"fusion-column-wrapper fusion-flex-column-wrapper-legacy\"><div class=\"fusion-text fusion-text-4\"><p>In December 2015 he debuted in the\u00a0Gran Teatre del Liceu in Barcelona\u00a0replacing the conductor \u00a0MarcoArmiliato, conducting\u00a0<em>Lucia di Lammermoor<\/em> of G. Donizetti\u00a0together with singers\u00a0Juan Diego Florez and Elena Mosuc, with\u00a0great success of public and critic.<\/p>\n<p>In December of 2016 he conducted\u00a0<em>Cavalleria Rusticana<\/em>\u00a0(P. Mascagni) and <em>Pagliacci<\/em> (R. Leoncavallo) in the\u00a049th Stagione of Jesi, Italy, with the G. Rossini Orchestra.<\/p>\n<p>In 2017 he conducted again in the\u00a0Gran Teatre del Liceu\u00a0 the\u00a0Concert of winners of the International Singing Competition Vi\u00f1as\u00a0and in the\u00a0Real Theater of Madrid, together with the\u00a0Symphonic Orchestra of Madrid.<\/p>\n<p>In January 2018 he won\u00a0the second prize in the \u201cFirst European Union Leadership Competition\u201d in Sofia, Bulgaria. In June he debuted with the\u00a0\u201cOrquesta de Valencia\u201d\u00a0in a concert organized by La Caixa with \u201cGrandes coros de \u00d3pera\u201d.<\/p>\n<p>In September 2018, he won the\u00a0first prize at the \u201cOpera Nice C\u00f4te d\u2019Azur Conducting Competition\u201d in Nice, France.<\/p>\n<p>He has conducted Orquesta Sinf\u00f3nica de Madrid, Orquesta Sinf\u00f3nica del Gran Teatre del Liceu, Orquesta de Valencia, Orquestra Sinf\u00f3nica del Vall\u00e9s, Orquesta de C\u00f3rdoba, OrquestrePhilharmonique de Nice, Orchestra Sinf\u00f3nica G. Rossini, Orchestra Haydn di Bolzano e Trento, Orchestra del Teatro Sperimentale di Spoleto, WitoldLutoslawskiChamberPhilharmonia, amongother.<\/p>\n<p>Apartfromthis, he has alsoconductedsoloistslike Juan Diego Fl\u00f3rez, Elena Mosuc, Saioa Hern\u00e1ndez, Maria Jos\u00e9 Siri, Fabio Armiliato, Andrea Ulbrich, Norma Fantini, Fabi\u00e1n Veloz, \u00c1ngel \u00d3denaor Sim\u00f3n Orfila in theaterssuch as Teatro Real in Madrid, Gran Teatre del Liceu, Auditorio andPalau de la M\u00fasica in Barcelona, Palau de Valencia, \u00d3pera Nice, Teatro Pergolesi inJesi, Teatro Sperimentale di Spoleto and Bulgaria Hall inSofia.<\/p>\n<p>His upcoming commitments include the operas &#8220;Il barbiere di Siviglia and&#8221; Rigoletto &#8220;with the Fundaci\u00f3 \u00d2pera Catalunya, the zarzuela&#8221; La revoltosa &#8220;with the Canarian Friends of Zarzuela and a symphonic concert with the Kod\u00e1ly Filharmonikusok Debrecen orchestra in Hungary.<\/p>\n<p>Recently, he has been appointed Musical Director and Deputy Artistic Director of Amics de l\u00b4\u00d2pera de Sabadell \/ \u00d2pera Catalunya.<\/p>\n<\/div><div class=\"fusion-clearfix\"><\/div><\/div><\/div><\/div><\/div><\/p>\n","protected":false},"excerpt":{"rendered":"","protected":false},"author":1,"featured_media":0,"parent":0,"menu_order":0,"comment_status":"closed","ping_status":"closed","template":"","meta":{"footnotes":""},"class_list":["post-81","page","type-page","status-publish","hentry"],"_links":{"self":[{"href":"https:\/\/www.danielgildetejada.es\/en\/wp-json\/wp\/v2\/pages\/81","targetHints":{"allow":["GET"]}}],"collection":[{"href":"https:\/\/www.danielgildetejada.es\/en\/wp-json\/wp\/v2\/pages"}],"about":[{"href":"https:\/\/www.danielgildetejada.es\/en\/wp-json\/wp\/v2\/types\/page"}],"author":[{"embeddable":true,"href":"https:\/\/www.danielgildetejada.es\/en\/wp-json\/wp\/v2\/users\/1"}],"replies":[{"embeddable":true,"href":"https:\/\/www.danielgildetejada.es\/en\/wp-json\/wp\/v2\/comments?post=81"}],"version-history":[{"count":18,"href":"https:\/\/www.danielgildetejada.es\/en\/wp-json\/wp\/v2\/pages\/81\/revisions"}],"predecessor-version":[{"id":802,"href":"https:\/\/www.danielgildetejada.es\/en\/wp-json\/wp\/v2\/pages\/81\/revisions\/802"}],"wp:attachment":[{"href":"https:\/\/www.danielgildetejada.es\/en\/wp-json\/wp\/v2\/media?parent=81"}],"curies":[{"name":"wp","href":"https:\/\/api.w.org\/{rel}","templated":true}]}}